{"id":1199,"date":"2022-08-01T14:35:21","date_gmt":"2022-08-01T12:35:21","guid":{"rendered":"http:\/\/warb.pl\/?page_id=1199"},"modified":"2024-09-25T17:36:40","modified_gmt":"2024-09-25T15:36:40","slug":"elementor-1199","status":"publish","type":"page","link":"https:\/\/warb.pl\/?page_id=1199","title":{"rendered":"Kamery"},"content":{"rendered":"\t\t<div data-elementor-type=\"wp-page\" data-elementor-id=\"1199\" class=\"elementor elementor-1199\" data-elementor-post-type=\"page\">\n\t\t\t\t\t\t<section class=\"elementor-section elementor-top-section elementor-element elementor-element-ad8611d elementor-section-full_width elementor-section-height-default elementor-section-height-default\" data-id=\"ad8611d\" data-element_type=\"section\" data-e-type=\"section\" data-settings=\"{&quot;background_background&quot;:&quot;classic&quot;}\">\n\t\t\t\t\t\t<div class=\"elementor-container elementor-column-gap-default\">\n\t\t\t\t\t<div class=\"elementor-column elementor-col-100 elementor-top-column elementor-element elementor-element-8ffb3d5\" data-id=\"8ffb3d5\" data-element_type=\"column\" data-e-type=\"column\">\n\t\t\t<div class=\"elementor-widget-wrap elementor-element-populated\">\n\t\t\t\t\t\t<div class=\"elementor-element elementor-element-c297444 elementor-widget elementor-widget-heading\" data-id=\"c297444\" data-element_type=\"widget\" data-e-type=\"widget\" data-widget_type=\"heading.default\">\n\t\t\t\t<div class=\"elementor-widget-container\">\n\t\t\t\t\t<h2 class=\"elementor-heading-title elementor-size-default\">Dost\u0119pne modele standardowych system\u00f3w wizyjnych Warsaw Robotics<\/h2>\t\t\t\t<\/div>\n\t\t\t\t<\/div>\n\t\t\t\t<section class=\"elementor-section elementor-inner-section elementor-element elementor-element-0b62ee1 elementor-section-boxed elementor-section-height-default elementor-section-height-default\" data-id=\"0b62ee1\" data-element_type=\"section\" data-e-type=\"section\">\n\t\t\t\t\t\t<div class=\"elementor-container elementor-column-gap-default\">\n\t\t\t\t\t<div class=\"elementor-column elementor-col-50 elementor-inner-column elementor-element elementor-element-39d2e26\" data-id=\"39d2e26\" data-element_type=\"column\" data-e-type=\"column\">\n\t\t\t<div class=\"elementor-widget-wrap elementor-element-populated\">\n\t\t\t\t\t\t<div class=\"elementor-element elementor-element-2bb7afe elementor-widget elementor-widget-image\" data-id=\"2bb7afe\" data-element_type=\"widget\" data-e-type=\"widget\" data-widget_type=\"image.default\">\n\t\t\t\t<div class=\"elementor-widget-container\">\n\t\t\t\t\t\t\t\t\t\t\t\t\t\t\t<img decoding=\"async\" width=\"150\" height=\"150\" src=\"https:\/\/warb.pl\/wp-content\/uploads\/2022\/05\/4-e1653301824406-150x150.png\" class=\"attachment-thumbnail size-thumbnail wp-image-745\" alt=\"\" srcset=\"https:\/\/warb.pl\/wp-content\/uploads\/2022\/05\/4-e1653301824406-150x150.png 150w, https:\/\/warb.pl\/wp-content\/uploads\/2022\/05\/4-e1653301824406-420x420.png 420w, https:\/\/warb.pl\/wp-content\/uploads\/2022\/05\/4-e1653301824406-100x100.png 100w\" sizes=\"(max-width: 150px) 100vw, 150px\" \/>\t\t\t\t\t\t\t\t\t\t\t\t\t\t\t<\/div>\n\t\t\t\t<\/div>\n\t\t\t\t<div class=\"elementor-element elementor-element-84692e8 elementor-widget elementor-widget-text-editor\" data-id=\"84692e8\" data-element_type=\"widget\" data-e-type=\"widget\" data-widget_type=\"text-editor.default\">\n\t\t\t\t<div class=\"elementor-widget-container\">\n\t\t\t\t\t\t\t\t\t<p><em><strong>WARB N<br \/><\/strong><\/em><\/p><p>Kamera inteligentna oparta na systemie wbudowanym z CPU i GPU wyposa\u017conym w 4GB pami\u0119ci operacyjnej i podstawow\u0105 moc obliczeniow\u0105. System cechuje bardzo przyst\u0119pna cena. Matryca 2MP. Komunikacja TCP\/IP oraz Modbus TCP. Zasilanie 12VDC\/2.0A. Obudowa IP66 z hermetyczn\u0105 os\u0142on\u0105 obiektywu dostosowan\u0105 do trudnych warunk\u00f3w. Obiektywy w standardzie CS-mount (po zastosowaniu adaptera r\u00f3wnie\u017c C-mount).<\/p>\t\t\t\t\t\t\t\t<\/div>\n\t\t\t\t<\/div>\n\t\t\t\t\t<\/div>\n\t\t<\/div>\n\t\t\t\t<div class=\"elementor-column elementor-col-50 elementor-inner-column elementor-element elementor-element-f4f528b\" data-id=\"f4f528b\" data-element_type=\"column\" data-e-type=\"column\">\n\t\t\t<div class=\"elementor-widget-wrap elementor-element-populated\">\n\t\t\t\t\t\t<div class=\"elementor-element elementor-element-a1b7155 elementor-widget elementor-widget-image\" data-id=\"a1b7155\" data-element_type=\"widget\" data-e-type=\"widget\" data-widget_type=\"image.default\">\n\t\t\t\t<div class=\"elementor-widget-container\">\n\t\t\t\t\t\t\t\t\t\t\t\t\t\t\t<img decoding=\"async\" width=\"150\" height=\"150\" src=\"https:\/\/warb.pl\/wp-content\/uploads\/2024\/09\/22-150x150.png\" class=\"attachment-thumbnail size-thumbnail wp-image-2172\" alt=\"\" srcset=\"https:\/\/warb.pl\/wp-content\/uploads\/2024\/09\/22-150x150.png 150w, https:\/\/warb.pl\/wp-content\/uploads\/2024\/09\/22-420x420.png 420w, https:\/\/warb.pl\/wp-content\/uploads\/2024\/09\/22-100x100.png 100w\" sizes=\"(max-width: 150px) 100vw, 150px\" \/>\t\t\t\t\t\t\t\t\t\t\t\t\t\t\t<\/div>\n\t\t\t\t<\/div>\n\t\t\t\t<div class=\"elementor-element elementor-element-9298be0 elementor-widget elementor-widget-text-editor\" data-id=\"9298be0\" data-element_type=\"widget\" data-e-type=\"widget\" data-widget_type=\"text-editor.default\">\n\t\t\t\t<div class=\"elementor-widget-container\">\n\t\t\t\t\t\t\t\t\t<p><strong><em>WARB X Pro<\/em><\/strong><\/p><p>Kamera inteligentna oparta na systemie wbudowanym z CPU i GPU wyposa\u017conym w 16GB pami\u0119ci operacyjnej i wysok\u0105 moc obliczeniow\u0105, przek\u0142adaj\u0105c\u0105 si\u0119 na kr\u00f3tsze czasy przetwarzania w stosunku do modelu Lite. Optymalny stosunek cech koszt\/efekt. Warianty z matrycami o rozdzielczo\u015bci 2MP i 8MP. Komunikacja TCP\/IP oraz Modbus TCP. Zasilanie 12VDC\/3.0A. Obudowa IP67 z hermetyczn\u0105 os\u0142on\u0105 obiektywu dostosowan\u0105 do trudnych warunk\u00f3w. Obiektywy w standardzie CS-mount (po zastosowaniu adaptera r\u00f3wnie\u017c C-mount).<\/p><p>\u00a0<\/p>\t\t\t\t\t\t\t\t<\/div>\n\t\t\t\t<\/div>\n\t\t\t\t\t<\/div>\n\t\t<\/div>\n\t\t\t\t\t<\/div>\n\t\t<\/section>\n\t\t\t\t<section class=\"elementor-section elementor-inner-section elementor-element elementor-element-b5d6819 elementor-section-boxed elementor-section-height-default elementor-section-height-default\" data-id=\"b5d6819\" data-element_type=\"section\" data-e-type=\"section\">\n\t\t\t\t\t\t<div class=\"elementor-container elementor-column-gap-default\">\n\t\t\t\t\t<div class=\"elementor-column elementor-col-50 elementor-inner-column elementor-element elementor-element-0af572f\" data-id=\"0af572f\" data-element_type=\"column\" data-e-type=\"column\">\n\t\t\t<div class=\"elementor-widget-wrap elementor-element-populated\">\n\t\t\t\t\t\t<div class=\"elementor-element elementor-element-53c68d8 elementor-widget elementor-widget-text-editor\" data-id=\"53c68d8\" data-element_type=\"widget\" data-e-type=\"widget\" data-widget_type=\"text-editor.default\">\n\t\t\t\t<div class=\"elementor-widget-container\">\n\t\t\t\t\t\t\t\t\t<p>Dost\u0119pne algorytmy (aktualna wersja firmware 2.3):<\/p><ul><li>Precyzyjna wyszukiwarka wzorc\u00f3w<\/li><li>Podstawowa sie\u0107 neuronowa<\/li><li>Wyszukiwarka obiekt\u00f3w prostok\u0105tnych<\/li><li>Pomiary stacjonarnych obiekt\u00f3w regularnych<\/li><li>Lokalizacja i pomiary obiekt\u00f3w regularnych rozmieszczonych losowo<\/li><li>Analiza i pomiary obiekt\u00f3w nieregularnych w oparciu o separacj\u0119 barwow\u0105<\/li><li>Programowanie graficzne<\/li><\/ul>\t\t\t\t\t\t\t\t<\/div>\n\t\t\t\t<\/div>\n\t\t\t\t\t<\/div>\n\t\t<\/div>\n\t\t\t\t<div class=\"elementor-column elementor-col-50 elementor-inner-column elementor-element elementor-element-9ac4035\" data-id=\"9ac4035\" data-element_type=\"column\" data-e-type=\"column\">\n\t\t\t<div class=\"elementor-widget-wrap elementor-element-populated\">\n\t\t\t\t\t\t<div class=\"elementor-element elementor-element-12b5809 elementor-widget elementor-widget-text-editor\" data-id=\"12b5809\" data-element_type=\"widget\" data-e-type=\"widget\" data-widget_type=\"text-editor.default\">\n\t\t\t\t<div class=\"elementor-widget-container\">\n\t\t\t\t\t\t\t\t\t<p>Dost\u0119pne metody (aktualna wersja firmware 2.3):<\/p>\n<ul>\n<li>Precyzyjna wyszukiwarka wzorc\u00f3w z algorytmem antykolizyjnym<\/li>\n<li>Podstawowa sie\u0107 neuronowa<\/li>\n<li>Analiza i pomiary obiekt\u00f3w nieregularnych w oparciu o separacj\u0119 barwow\u0105<\/li>\n<li>Pomiary stacjonarnych obiekt\u00f3w regularnych<\/li>\n<li>Lokalizacja i pomiary obiekt\u00f3w regularnych rozmieszczonych swobodnie<\/li>\n<li>Detekcja anomalii w obiektach stacjonarnych<\/li>\n<li>Detekcja anomalii oraz pomiar obiekt\u00f3w regularnych rozmieszczonych losowo<\/li>\n<li>Zaawansowana sie\u0107 neuronowa do segmentacji i klasyfikacji<\/li>\n<li>\n<div>Pomiary obiekt\u00f3w nieregularnych<\/div>\n<\/li>\n<li>Detekcja odchy\u0142ek kszta\u0142tu obiekt\u00f3w nieregularnych<\/li>\n<li>\n<div>Detekcja anomalii na obiektach nieregularnych rozmieszczonych swobodnie<\/div><\/li><li>Programowanie graficzne<br><\/li>\n<\/ul>\t\t\t\t\t\t\t\t<\/div>\n\t\t\t\t<\/div>\n\t\t\t\t\t<\/div>\n\t\t<\/div>\n\t\t\t\t\t<\/div>\n\t\t<\/section>\n\t\t\t\t<div class=\"elementor-element elementor-element-9942b11 elementor-widget elementor-widget-menu-anchor\" data-id=\"9942b11\" data-element_type=\"widget\" data-e-type=\"widget\" data-widget_type=\"menu-anchor.default\">\n\t\t\t\t<div class=\"elementor-widget-container\">\n\t\t\t\t\t\t\t<div class=\"elementor-menu-anchor\" id=\"kotwica2\"><\/div>\n\t\t\t\t\t\t<\/div>\n\t\t\t\t<\/div>\n\t\t\t\t<div class=\"elementor-element elementor-element-08737db elementor-align-center elementor-widget elementor-widget-button\" data-id=\"08737db\" data-element_type=\"widget\" data-e-type=\"widget\" data-widget_type=\"button.default\">\n\t\t\t\t<div class=\"elementor-widget-container\">\n\t\t\t\t\t\t\t\t\t<div class=\"elementor-button-wrapper\">\n\t\t\t\t\t<a class=\"elementor-button elementor-button-link elementor-size-lg\" href=\"#kotwica2\">\n\t\t\t\t\t\t<span class=\"elementor-button-content-wrapper\">\n\t\t\t\t\t\t<span class=\"elementor-button-icon\">\n\t\t\t\t<i aria-hidden=\"true\" class=\"fas fa-angle-double-down\"><\/i>\t\t\t<\/span>\n\t\t\t\t\t\t\t\t\t<span class=\"elementor-button-text\">Czytaj dalej<\/span>\n\t\t\t\t\t<\/span>\n\t\t\t\t\t<\/a>\n\t\t\t\t<\/div>\n\t\t\t\t\t\t\t\t<\/div>\n\t\t\t\t<\/div>\n\t\t\t\t<div class=\"elementor-element elementor-element-d0a5f5d elementor-widget-divider--view-line elementor-widget elementor-widget-divider\" data-id=\"d0a5f5d\" data-element_type=\"widget\" data-e-type=\"widget\" data-widget_type=\"divider.default\">\n\t\t\t\t<div class=\"elementor-widget-container\">\n\t\t\t\t\t\t\t<div class=\"elementor-divider\">\n\t\t\t<span class=\"elementor-divider-separator\">\n\t\t\t\t\t\t<\/span>\n\t\t<\/div>\n\t\t\t\t\t\t<\/div>\n\t\t\t\t<\/div>\n\t\t\t\t<div class=\"elementor-element elementor-element-0862239 elementor-widget elementor-widget-heading\" data-id=\"0862239\" data-element_type=\"widget\" data-e-type=\"widget\" data-widget_type=\"heading.default\">\n\t\t\t\t<div class=\"elementor-widget-container\">\n\t\t\t\t\t<h2 class=\"elementor-heading-title elementor-size-default\">Zapytanie o mo\u017cliwo\u015b\u0107 aplikacji do danego rozwi\u0105zania<\/h2>\t\t\t\t<\/div>\n\t\t\t\t<\/div>\n\t\t\t\t<div class=\"elementor-element elementor-element-4019836 elementor-widget elementor-widget-text-editor\" data-id=\"4019836\" data-element_type=\"widget\" data-e-type=\"widget\" data-widget_type=\"text-editor.default\">\n\t\t\t\t<div class=\"elementor-widget-container\">\n\t\t\t\t\t\t\t\t\t<p>Opisz nam swoje potrzeby w zakresie oczekiwanych zastosowa\u0144 kamery, a doradzimy Ci w\u0142a\u015bciwe rozwi\u0105zanie. <\/p><p>Wspieramy integracj\u0119 z PLC, systemami SCADA, MES oraz robotami przemys\u0142owymi.<\/p><div>Nasze rozwi\u0105zania znajduj\u0105 r\u00f3wnie\u017c zastosowania jako systemy wbudowane w kompletne maszyny, cz\u0119sto z dedykowanym oprogramowaniem. NA \u017cyczenie budujemy instalacje naszego oprogramowania dostosowan\u0105 do dedykowanego hardware o bardzo wysokiej wydajno\u015bci.<\/div><div>\u00a0<\/div><p><strong>Skorzystaj z poni\u017cszego formularza<\/strong> lub z zak\u0142adki kontakt, napisz email lub zadzwo\u0144, opisz swoj\u0105 aplikacj\u0119.<\/p><p>Zapraszamy do kontaktu integrator\u00f3w system\u00f3w automatyki, dostarczamy kamery z niezb\u0119dnym wsparciem i doradztwem.<\/p>\t\t\t\t\t\t\t\t<\/div>\n\t\t\t\t<\/div>\n\t\t\t\t\t<\/div>\n\t\t<\/div>\n\t\t\t\t\t<\/div>\n\t\t<\/section>\n\t\t\t\t<section class=\"elementor-section elementor-top-section elementor-element elementor-element-d0d3add elementor-section-boxed elementor-section-height-default elementor-section-height-default\" data-id=\"d0d3add\" data-element_type=\"section\" data-e-type=\"section\">\n\t\t\t\t\t\t<div class=\"elementor-container elementor-column-gap-default\">\n\t\t\t\t\t<div class=\"elementor-column elementor-col-100 elementor-top-column elementor-element elementor-element-d1a2167\" data-id=\"d1a2167\" data-element_type=\"column\" data-e-type=\"column\">\n\t\t\t<div class=\"elementor-widget-wrap elementor-element-populated\">\n\t\t\t\t\t\t<div class=\"elementor-element elementor-element-f556980 elementor-widget__width-inherit elementor-widget elementor-widget-shortcode\" data-id=\"f556980\" data-element_type=\"widget\" data-e-type=\"widget\" data-widget_type=\"shortcode.default\">\n\t\t\t\t<div class=\"elementor-widget-container\">\n\t\t\t\t\t\t\t<div class=\"elementor-shortcode\">\n<div class=\"wpcf7 no-js\" id=\"wpcf7-f4-o1\" lang=\"pl-PL\" dir=\"ltr\" data-wpcf7-id=\"4\">\n<div class=\"screen-reader-response\"><p role=\"status\" aria-live=\"polite\" aria-atomic=\"true\"><\/p> <ul><\/ul><\/div>\n<form action=\"\/index.php?rest_route=%2Fwp%2Fv2%2Fpages%2F1199#wpcf7-f4-o1\" method=\"post\" class=\"wpcf7-form init\" aria-label=\"Formularz kontaktowy\" enctype=\"multipart\/form-data\" novalidate=\"novalidate\" data-status=\"init\">\n<div style=\"display: none;\">\n<input type=\"hidden\" name=\"_wpcf7\" value=\"4\" \/>\n<input type=\"hidden\" name=\"_wpcf7_version\" value=\"6.0\" \/>\n<input type=\"hidden\" name=\"_wpcf7_locale\" value=\"pl_PL\" \/>\n<input type=\"hidden\" name=\"_wpcf7_unit_tag\" value=\"wpcf7-f4-o1\" \/>\n<input type=\"hidden\" name=\"_wpcf7_container_post\" value=\"0\" \/>\n<input type=\"hidden\" name=\"_wpcf7_posted_data_hash\" value=\"\" \/>\n<input type=\"hidden\" name=\"_wpcf7_recaptcha_response\" value=\"\" \/>\n<\/div>\n<p><label> Imi\u0119 i nazwisko<br \/>\n<span class=\"wpcf7-form-control-wrap\" data-name=\"your-name\"><input size=\"40\" maxlength=\"400\" class=\"wpcf7-form-control wpcf7-text wpcf7-validates-as-required\" aria-required=\"true\" aria-invalid=\"false\" value=\"\" type=\"text\" name=\"your-name\" \/><\/span> <\/label>\n<\/p>\n<p><label> Nazwa firmy<br \/>\n<span class=\"wpcf7-form-control-wrap\" data-name=\"your-company\"><input size=\"40\" maxlength=\"400\" class=\"wpcf7-form-control wpcf7-text wpcf7-validates-as-required\" aria-required=\"true\" aria-invalid=\"false\" value=\"\" type=\"text\" name=\"your-company\" \/><\/span> <\/label>\n<\/p>\n<p><label> Tw\u00f3j email<br \/>\n<span class=\"wpcf7-form-control-wrap\" data-name=\"your-email\"><input size=\"40\" maxlength=\"400\" class=\"wpcf7-form-control wpcf7-email wpcf7-validates-as-required wpcf7-text wpcf7-validates-as-email\" aria-required=\"true\" aria-invalid=\"false\" value=\"\" type=\"email\" name=\"your-email\" \/><\/span> <\/label>\n<\/p>\n<p><label> Temat<br \/>\n<span class=\"wpcf7-form-control-wrap\" data-name=\"your-subject\"><input size=\"40\" maxlength=\"400\" class=\"wpcf7-form-control wpcf7-text wpcf7-validates-as-required\" aria-required=\"true\" aria-invalid=\"false\" value=\"\" type=\"text\" name=\"your-subject\" \/><\/span> <\/label>\n<\/p>\n<p><label> Tekst wiadomo\u015bci (opcjonalny)<br \/>\n<span class=\"wpcf7-form-control-wrap\" data-name=\"your-message\"><textarea cols=\"40\" rows=\"10\" maxlength=\"2000\" class=\"wpcf7-form-control wpcf7-textarea\" aria-invalid=\"false\" name=\"your-message\"><\/textarea><\/span> <\/label><br \/>\n<label> Za\u0142\u0105cz nam archiwum zawieraj\u0105ce zdj\u0119cia obiektu w widoku w jakim b\u0119dzie go obserwowa\u0107 kamera na docelowym tle. Pozwoli to na ocen\u0119 mo\u017cliwo\u015bci aplikacji systemu. Obs\u0142ugiwane typy plik\u00f3w: zip, 7zip, gz, rar, jpg, png.<br \/>\n<span class=\"wpcf7-form-control-wrap\" data-name=\"file-445\"><input size=\"40\" class=\"wpcf7-form-control wpcf7-file\" accept=\".zip,.7zip,.gz,.rar,.png,.jpg\" aria-invalid=\"false\" type=\"file\" name=\"file-445\" \/><\/span> <\/label><br \/>\n<input class=\"wpcf7-form-control wpcf7-submit has-spinner\" type=\"submit\" value=\"Wy\u015blij wiadomo\u015b\u0107\" \/>\n<\/p><div class=\"wpcf7-response-output\" aria-hidden=\"true\"><\/div>\n<\/form>\n<\/div>\n<\/div>\n\t\t\t\t\t\t<\/div>\n\t\t\t\t<\/div>\n\t\t\t\t\t<\/div>\n\t\t<\/div>\n\t\t\t\t\t<\/div>\n\t\t<\/section>\n\t\t\t\t<section class=\"elementor-section elementor-top-section elementor-element elementor-element-12427bb elementor-section-boxed elementor-section-height-default elementor-section-height-default\" data-id=\"12427bb\" data-element_type=\"section\" data-e-type=\"section\">\n\t\t\t\t\t\t<div class=\"elementor-container elementor-column-gap-default\">\n\t\t\t\t\t<div class=\"elementor-column elementor-col-100 elementor-top-column elementor-element elementor-element-ffcc12b\" data-id=\"ffcc12b\" data-element_type=\"column\" data-e-type=\"column\">\n\t\t\t<div class=\"elementor-widget-wrap elementor-element-populated\">\n\t\t\t\t\t\t<div class=\"elementor-element elementor-element-5abe5a8 elementor-widget elementor-widget-heading\" data-id=\"5abe5a8\" data-element_type=\"widget\" data-e-type=\"widget\" data-widget_type=\"heading.default\">\n\t\t\t\t<div class=\"elementor-widget-container\">\n\t\t\t\t\t<h2 class=\"elementor-heading-title elementor-size-default\">Cechy systemu wizyjnego Warsaw Robotics<\/h2>\t\t\t\t<\/div>\n\t\t\t\t<\/div>\n\t\t\t\t\t<\/div>\n\t\t<\/div>\n\t\t\t\t\t<\/div>\n\t\t<\/section>\n\t\t\t\t<\/div>\n\t\t","protected":false},"excerpt":{"rendered":"<p>Dost\u0119pne modele standardowych system\u00f3w wizyjnych Warsaw Robotics WARB N Kamera inteligentna oparta na systemie wbudowanym z CPU i GPU wyposa\u017conym w 4GB [&hellip;]<\/p>\n","protected":false},"author":1,"featured_media":0,"parent":0,"menu_order":0,"comment_status":"closed","ping_status":"closed","template":"elementor_header_footer","meta":{"_monsterinsights_skip_tracking":false,"_monsterinsights_sitenote_active":false,"_monsterinsights_sitenote_note":"","_monsterinsights_sitenote_category":0,"footnotes":""},"class_list":["post-1199","page","type-page","status-publish","hentry"],"yoast_head":"<!-- This site is optimized with the Yoast SEO plugin v27.6 - https:\/\/yoast.com\/product\/yoast-seo-wordpress\/ -->\n<title>Kamery - Warsaw Robotics<\/title>\n<meta name=\"robots\" content=\"index, follow, max-snippet:-1, max-image-preview:large, max-video-preview:-1\" \/>\n<link rel=\"canonical\" href=\"https:\/\/warb.pl\/?page_id=1199\" \/>\n<meta property=\"og:locale\" content=\"pl_PL\" \/>\n<meta property=\"og:type\" content=\"article\" \/>\n<meta property=\"og:title\" content=\"Kamery - Warsaw Robotics\" \/>\n<meta property=\"og:description\" content=\"Dost\u0119pne modele standardowych system\u00f3w wizyjnych Warsaw Robotics WARB N Kamera inteligentna oparta na systemie wbudowanym z CPU i GPU wyposa\u017conym w 4GB [&hellip;]\" \/>\n<meta property=\"og:url\" content=\"https:\/\/warb.pl\/?page_id=1199\" \/>\n<meta property=\"og:site_name\" content=\"Warsaw Robotics\" \/>\n<meta property=\"article:modified_time\" content=\"2024-09-25T15:36:40+00:00\" \/>\n<meta property=\"og:image\" content=\"https:\/\/warb.pl\/wp-content\/uploads\/2022\/05\/4-e1653301824406-150x150.png\" \/>\n<meta name=\"twitter:card\" content=\"summary_large_image\" \/>\n<meta name=\"twitter:label1\" content=\"Szacowany czas czytania\" \/>\n\t<meta name=\"twitter:data1\" content=\"3 minuty\" \/>\n<script type=\"application\/ld+json\" class=\"yoast-schema-graph\">{\"@context\":\"https:\\\/\\\/schema.org\",\"@graph\":[{\"@type\":\"WebPage\",\"@id\":\"https:\\\/\\\/warb.pl\\\/?page_id=1199\",\"url\":\"https:\\\/\\\/warb.pl\\\/?page_id=1199\",\"name\":\"Kamery - Warsaw Robotics\",\"isPartOf\":{\"@id\":\"https:\\\/\\\/warb.pl\\\/#website\"},\"primaryImageOfPage\":{\"@id\":\"https:\\\/\\\/warb.pl\\\/?page_id=1199#primaryimage\"},\"image\":{\"@id\":\"https:\\\/\\\/warb.pl\\\/?page_id=1199#primaryimage\"},\"thumbnailUrl\":\"https:\\\/\\\/warb.pl\\\/wp-content\\\/uploads\\\/2022\\\/05\\\/4-e1653301824406-150x150.png\",\"datePublished\":\"2022-08-01T12:35:21+00:00\",\"dateModified\":\"2024-09-25T15:36:40+00:00\",\"breadcrumb\":{\"@id\":\"https:\\\/\\\/warb.pl\\\/?page_id=1199#breadcrumb\"},\"inLanguage\":\"pl-PL\",\"potentialAction\":[{\"@type\":\"ReadAction\",\"target\":[\"https:\\\/\\\/warb.pl\\\/?page_id=1199\"]}]},{\"@type\":\"ImageObject\",\"inLanguage\":\"pl-PL\",\"@id\":\"https:\\\/\\\/warb.pl\\\/?page_id=1199#primaryimage\",\"url\":\"https:\\\/\\\/warb.pl\\\/wp-content\\\/uploads\\\/2022\\\/05\\\/4-e1653301824406.png\",\"contentUrl\":\"https:\\\/\\\/warb.pl\\\/wp-content\\\/uploads\\\/2022\\\/05\\\/4-e1653301824406.png\",\"width\":867,\"height\":750,\"caption\":\"Kamera\"},{\"@type\":\"BreadcrumbList\",\"@id\":\"https:\\\/\\\/warb.pl\\\/?page_id=1199#breadcrumb\",\"itemListElement\":[{\"@type\":\"ListItem\",\"position\":1,\"name\":\"Home\",\"item\":\"https:\\\/\\\/warb.pl\\\/\"},{\"@type\":\"ListItem\",\"position\":2,\"name\":\"Kamery\"}]},{\"@type\":\"WebSite\",\"@id\":\"https:\\\/\\\/warb.pl\\\/#website\",\"url\":\"https:\\\/\\\/warb.pl\\\/\",\"name\":\"Warsaw Robotics\",\"description\":\"System wizyjny do zastosowa\u0144 przemys\u0142owych i laboratoryjnych\",\"publisher\":{\"@id\":\"https:\\\/\\\/warb.pl\\\/#organization\"},\"potentialAction\":[{\"@type\":\"SearchAction\",\"target\":{\"@type\":\"EntryPoint\",\"urlTemplate\":\"https:\\\/\\\/warb.pl\\\/?s={search_term_string}\"},\"query-input\":{\"@type\":\"PropertyValueSpecification\",\"valueRequired\":true,\"valueName\":\"search_term_string\"}}],\"inLanguage\":\"pl-PL\"},{\"@type\":\"Organization\",\"@id\":\"https:\\\/\\\/warb.pl\\\/#organization\",\"name\":\"Warsaw Robotics\",\"url\":\"https:\\\/\\\/warb.pl\\\/\",\"logo\":{\"@type\":\"ImageObject\",\"inLanguage\":\"pl-PL\",\"@id\":\"https:\\\/\\\/warb.pl\\\/#\\\/schema\\\/logo\\\/image\\\/\",\"url\":\"https:\\\/\\\/warb.pl\\\/wp-content\\\/uploads\\\/2022\\\/05\\\/logo_WR.png\",\"contentUrl\":\"https:\\\/\\\/warb.pl\\\/wp-content\\\/uploads\\\/2022\\\/05\\\/logo_WR.png\",\"width\":228,\"height\":71,\"caption\":\"Warsaw Robotics\"},\"image\":{\"@id\":\"https:\\\/\\\/warb.pl\\\/#\\\/schema\\\/logo\\\/image\\\/\"}}]}<\/script>\n<!-- \/ Yoast SEO plugin. -->","yoast_head_json":{"title":"Kamery - Warsaw Robotics","robots":{"index":"index","follow":"follow","max-snippet":"max-snippet:-1","max-image-preview":"max-image-preview:large","max-video-preview":"max-video-preview:-1"},"canonical":"https:\/\/warb.pl\/?page_id=1199","og_locale":"pl_PL","og_type":"article","og_title":"Kamery - Warsaw Robotics","og_description":"Dost\u0119pne modele standardowych system\u00f3w wizyjnych Warsaw Robotics WARB N Kamera inteligentna oparta na systemie wbudowanym z CPU i GPU wyposa\u017conym w 4GB [&hellip;]","og_url":"https:\/\/warb.pl\/?page_id=1199","og_site_name":"Warsaw Robotics","article_modified_time":"2024-09-25T15:36:40+00:00","og_image":[{"url":"https:\/\/warb.pl\/wp-content\/uploads\/2022\/05\/4-e1653301824406-150x150.png","type":"","width":"","height":""}],"twitter_card":"summary_large_image","twitter_misc":{"Szacowany czas czytania":"3 minuty"},"schema":{"@context":"https:\/\/schema.org","@graph":[{"@type":"WebPage","@id":"https:\/\/warb.pl\/?page_id=1199","url":"https:\/\/warb.pl\/?page_id=1199","name":"Kamery - Warsaw Robotics","isPartOf":{"@id":"https:\/\/warb.pl\/#website"},"primaryImageOfPage":{"@id":"https:\/\/warb.pl\/?page_id=1199#primaryimage"},"image":{"@id":"https:\/\/warb.pl\/?page_id=1199#primaryimage"},"thumbnailUrl":"https:\/\/warb.pl\/wp-content\/uploads\/2022\/05\/4-e1653301824406-150x150.png","datePublished":"2022-08-01T12:35:21+00:00","dateModified":"2024-09-25T15:36:40+00:00","breadcrumb":{"@id":"https:\/\/warb.pl\/?page_id=1199#breadcrumb"},"inLanguage":"pl-PL","potentialAction":[{"@type":"ReadAction","target":["https:\/\/warb.pl\/?page_id=1199"]}]},{"@type":"ImageObject","inLanguage":"pl-PL","@id":"https:\/\/warb.pl\/?page_id=1199#primaryimage","url":"https:\/\/warb.pl\/wp-content\/uploads\/2022\/05\/4-e1653301824406.png","contentUrl":"https:\/\/warb.pl\/wp-content\/uploads\/2022\/05\/4-e1653301824406.png","width":867,"height":750,"caption":"Kamera"},{"@type":"BreadcrumbList","@id":"https:\/\/warb.pl\/?page_id=1199#breadcrumb","itemListElement":[{"@type":"ListItem","position":1,"name":"Home","item":"https:\/\/warb.pl\/"},{"@type":"ListItem","position":2,"name":"Kamery"}]},{"@type":"WebSite","@id":"https:\/\/warb.pl\/#website","url":"https:\/\/warb.pl\/","name":"Warsaw Robotics","description":"System wizyjny do zastosowa\u0144 przemys\u0142owych i laboratoryjnych","publisher":{"@id":"https:\/\/warb.pl\/#organization"},"potentialAction":[{"@type":"SearchAction","target":{"@type":"EntryPoint","urlTemplate":"https:\/\/warb.pl\/?s={search_term_string}"},"query-input":{"@type":"PropertyValueSpecification","valueRequired":true,"valueName":"search_term_string"}}],"inLanguage":"pl-PL"},{"@type":"Organization","@id":"https:\/\/warb.pl\/#organization","name":"Warsaw Robotics","url":"https:\/\/warb.pl\/","logo":{"@type":"ImageObject","inLanguage":"pl-PL","@id":"https:\/\/warb.pl\/#\/schema\/logo\/image\/","url":"https:\/\/warb.pl\/wp-content\/uploads\/2022\/05\/logo_WR.png","contentUrl":"https:\/\/warb.pl\/wp-content\/uploads\/2022\/05\/logo_WR.png","width":228,"height":71,"caption":"Warsaw Robotics"},"image":{"@id":"https:\/\/warb.pl\/#\/schema\/logo\/image\/"}}]}},"_links":{"self":[{"href":"https:\/\/warb.pl\/index.php?rest_route=\/wp\/v2\/pages\/1199","targetHints":{"allow":["GET"]}}],"collection":[{"href":"https:\/\/warb.pl\/index.php?rest_route=\/wp\/v2\/pages"}],"about":[{"href":"https:\/\/warb.pl\/index.php?rest_route=\/wp\/v2\/types\/page"}],"author":[{"embeddable":true,"href":"https:\/\/warb.pl\/index.php?rest_route=\/wp\/v2\/users\/1"}],"replies":[{"embeddable":true,"href":"https:\/\/warb.pl\/index.php?rest_route=%2Fwp%2Fv2%2Fcomments&post=1199"}],"version-history":[{"count":158,"href":"https:\/\/warb.pl\/index.php?rest_route=\/wp\/v2\/pages\/1199\/revisions"}],"predecessor-version":[{"id":2187,"href":"https:\/\/warb.pl\/index.php?rest_route=\/wp\/v2\/pages\/1199\/revisions\/2187"}],"wp:attachment":[{"href":"https:\/\/warb.pl\/index.php?rest_route=%2Fwp%2Fv2%2Fmedia&parent=1199"}],"curies":[{"name":"wp","href":"https:\/\/api.w.org\/{rel}","templated":true}]}}